{"id":3790,"date":"2024-03-08T14:36:56","date_gmt":"2024-03-08T14:36:56","guid":{"rendered":"https:\/\/www.afrocanadianbeauty.com\/?page_id=3790"},"modified":"2024-03-08T14:38:24","modified_gmt":"2024-03-08T14:38:24","slug":"politique-de-consentement","status":"publish","type":"page","link":"https:\/\/www.afrocanadianbeauty.com\/fr\/politique-de-consentement\/","title":{"rendered":"Politique de consentement"},"content":{"rendered":"<div class=\"section the_content has_content\">\n<div class=\"section_wrapper\">\n<div class=\"the_content_wrapper\">\n<div class=\"entry-content\">\n<div><\/div>\n<div><\/div>\n<div id=\"wb_page56Text1\"><span id=\"wb_uid10\"><strong>Introduction<\/strong><br \/>\n<\/span><\/div>\n<div><span id=\"wb_uid10\">Devant le d\u00e9veloppement des nouveaux outils de communication, il est n\u00e9cessaire de porter une attention particuli\u00e8re \u00e0 la protection de la vie priv\u00e9e. C&#8217;est pourquoi, nous nous engageons \u00e0 respecter la confidentialit\u00e9 des renseignements personnels que nous collectons.<\/span><\/div>\n<div><\/div>\n<div><strong>Collecte des renseignements personnels<\/strong><\/div>\n<div>Nous collectons les renseignements suivants\u00a0:<\/div>\n<div>Nom<br \/>\nPr\u00e9nom<br \/>\nAdresse postale<br \/>\nCode postal<br \/>\nAdresse \u00e9lectronique<br \/>\nNum\u00e9ro de t\u00e9l\u00e9phone<\/div>\n<div><\/div>\n<div>Les renseignements personnels que nous collectons sont recueillis au travers de formulaires et gr\u00e2ce \u00e0 l&#8217;interactivit\u00e9 \u00e9tablie entre vous et notre site Web. Nous utilisons \u00e9galement, comme indiqu\u00e9 dans la section suivante, des fichiers t\u00e9moins et\/ou journaux pour r\u00e9unir des informations vous concernant.<\/div>\n<div>Formulaires\u00a0 et interactivit\u00e9:<\/div>\n<div>Vos renseignements personnels sont collect\u00e9s par le biais de formulaire, \u00e0 savoir\u00a0:<\/div>\n<div>Formulaire d&#8217;inscription au site Web<\/div>\n<div><\/div>\n<div>Nous utilisons les renseignements ainsi collect\u00e9s pour les finalit\u00e9s suivantes\u00a0:<\/div>\n<div>Contact<\/div>\n<div><\/div>\n<div>\n<p>Vos renseignements sont \u00e9galement collect\u00e9s par le biais de l&#8217;interactivit\u00e9 pouvant s&#8217;\u00e9tablir entre vous et notre site Web et ce, de la fa\u00e7on suivante:Contact<\/p>\n<p>Nous utilisons les renseignements ainsi collect\u00e9s pour les finalit\u00e9s suivantes\u00a0:<\/p>\n<p>Fichiers journaux et t\u00e9moins<\/p>\n<p>Nous recueillons certaines informations par le biais de fichiers journaux (log file) et de fichiers t\u00e9moins (cookies). Il s&#8217;agit principalement des informations suivantes\u00a0:<\/p>\n<p>Adresse IP<\/p>\n<p>Le recours \u00e0 de tels fichiers nous permet\u00a0:<\/p>\n<p><strong>Droit d&#8217;opposition et de retrait<\/strong><\/p>\n<p>Nous nous engageons \u00e0 vous offrir un droit d&#8217;opposition et de retrait quant \u00e0 vos renseignements personnels.<\/p>\n<\/div>\n<div>Le droit d&#8217;opposition s&#8217;entend comme \u00e9tant la possibilit\u00e9 offerte aux internautes de refuser que leurs renseignements personnels soient utilis\u00e9es \u00e0 certaines fins mentionn\u00e9es lors de la collecte.Le droit de retrait s&#8217;entend comme \u00e9tant la possibilit\u00e9 offerte aux internautes de demander \u00e0 ce que leurs renseignements personnels ne figurent plus, par exemple, dans une liste de diffusion.<\/div>\n<div><\/div>\n<div><\/div>\n<div><strong>Pour pouvoir exercer ces droits, vous pouvez\u00a0:<\/strong><\/div>\n<div>Code postal : <span id=\"wb_uid10\">MONTR\u00c9AL, QU\u00c9BEC, Canada<\/span><br \/>\nCourriel : <a href=\"mailto:afrocanadianbeauty@gmail.com\"><strong><span id=\"wb_uid10\">afrocanadianbeauty<\/span>@gmail.com<\/strong><\/a><span id=\"wb_uid10\"><\/span><br \/>\nT\u00e9l\u00e9phone\u00a0: <span id=\"wb_uid10\"><a href=\"tel:+15145607129\"><strong>(514) 560-7129<\/strong><\/a><b><\/b><\/span><br \/>\nSection du site web : <span id=\"wb_uid10\">www.afrocanadianbeauty.com<\/span><\/div>\n<div><\/div>\n<div>\n<p><span id=\"wb_uid10\"><strong>Droit d&#8217;acc\u00e8s<\/strong><\/span><\/p>\n<p>Nous nous engageons \u00e0 reconna\u00eetre un droit d&#8217;acc\u00e8s et de rectification aux personnes concern\u00e9es d\u00e9sireuses de consulter, modifier, voire radier les informations les concernant.<\/p>\n<\/div>\n<div><span id=\"wb_uid10\">L&#8217;exercice de ce droit se fera\u00a0:<br \/>\nCode postal : MONTR\u00c9AL, QU\u00c9BEC, Canada<br \/>\nCourriel : <a href=\"mailto:afrocanadianbeauty@gmail.com\"><strong>afrocanadianbeauty@gmail.com<\/strong><\/a><br \/>\nT\u00e9l\u00e9phone\u00a0: <a href=\"tel:+15145607129\"><strong>(514) 560-7129<\/strong><\/a><b><\/b><br \/>\nSection du site web : www.afrocanadianbeauty.com<br \/>\n<\/span><\/div>\n<div><\/div>\n<div>\n<p><span id=\"wb_uid10\"><strong>S\u00e9curit\u00e9<\/strong><\/span><\/p>\n<p>Les renseignements personnels que nous collectons sont conserv\u00e9s dans un environnement s\u00e9curis\u00e9. Les personnes travaillant pour nous sont tenues de respecter la confidentialit\u00e9 de vos informations.<\/p>\n<\/div>\n<div>Pour assurer la s\u00e9curit\u00e9 de vos renseignements personnels, nous avons recours aux mesures suivantes\u00a0:<\/div>\n<div>Gestion des acc\u00e8s &#8211; personne autoris\u00e9e<br \/>\nD\u00e9veloppement de certificat num\u00e9rique<br \/>\nIdentifiant \/ mot de passe<\/div>\n<div><\/div>\n<div>Nous nous engageons \u00e0 maintenir un haut degr\u00e9 de confidentialit\u00e9 en int\u00e9grant les derni\u00e8res innovations technologiques permettant d&#8217;assurer la confidentialit\u00e9 de vos transactions. Toutefois, comme aucun m\u00e9canisme n&#8217;offre une s\u00e9curit\u00e9 maximale, une part de risque est toujours pr\u00e9sente lorsque l&#8217;on utilise Internet pour transmettre des renseignements personnels.<\/div>\n<div><\/div>\n<div><strong>Label<\/strong><\/div>\n<div>\n<p>Nos engagements en mati\u00e8re de protection des renseignements personnels r\u00e9pondent aux exigences du programme suivant : https:\/\/www.comodo.com<\/p>\n<p><strong>L\u00e9gislation<\/strong><\/p>\n<p>Nous nous engageons \u00e0 respecter les dispositions l\u00e9gislatives \u00e9nonc\u00e9es dans\u00a0:<br \/>\nCanada<\/p>\n<\/div>\n<\/div>\n<\/div>\n<\/div>\n<\/div>","protected":false},"excerpt":{"rendered":"<p>Introduction Devant le d\u00e9veloppement des nouveaux outils de communication, il est n\u00e9cessaire de porter une attention particuli\u00e8re \u00e0 la protection de la vie priv\u00e9e. C&#8217;est pourquoi, nous nous engageons \u00e0 respecter la confidentialit\u00e9 des renseignements personnels que nous collectons. Collecte des renseignements personnels Nous collectons les renseignements suivants\u00a0: Nom Pr\u00e9nom Adresse postale Code postal Adresse<\/p>\n<div class=\"klb-readmore entry-button\"><a class=\"button\" href=\"https:\/\/www.afrocanadianbeauty.com\/fr\/politique-de-consentement\/\">Read More<\/a><\/div>","protected":false},"author":1,"featured_media":0,"parent":0,"menu_order":0,"comment_status":"closed","ping_status":"closed","template":"","meta":{"footnotes":""},"class_list":["post-3790","page","type-page","status-publish","hentry"],"_links":{"self":[{"href":"https:\/\/www.afrocanadianbeauty.com\/fr\/wp-json\/wp\/v2\/pages\/3790","targetHints":{"allow":["GET"]}}],"collection":[{"href":"https:\/\/www.afrocanadianbeauty.com\/fr\/wp-json\/wp\/v2\/pages"}],"about":[{"href":"https:\/\/www.afrocanadianbeauty.com\/fr\/wp-json\/wp\/v2\/types\/page"}],"author":[{"embeddable":true,"href":"https:\/\/www.afrocanadianbeauty.com\/fr\/wp-json\/wp\/v2\/users\/1"}],"replies":[{"embeddable":true,"href":"https:\/\/www.afrocanadianbeauty.com\/fr\/wp-json\/wp\/v2\/comments?post=3790"}],"version-history":[{"count":3,"href":"https:\/\/www.afrocanadianbeauty.com\/fr\/wp-json\/wp\/v2\/pages\/3790\/revisions"}],"predecessor-version":[{"id":3793,"href":"https:\/\/www.afrocanadianbeauty.com\/fr\/wp-json\/wp\/v2\/pages\/3790\/revisions\/3793"}],"wp:attachment":[{"href":"https:\/\/www.afrocanadianbeauty.com\/fr\/wp-json\/wp\/v2\/media?parent=3790"}],"curies":[{"name":"wp","href":"https:\/\/api.w.org\/{rel}","templated":true}]}}